{"id":142,"date":"2025-04-23T18:27:14","date_gmt":"2025-04-23T16:27:14","guid":{"rendered":"https:\/\/maggymoroz.pl\/?post_type=product&#038;p=142"},"modified":"2025-06-24T22:58:58","modified_gmt":"2025-06-24T20:58:58","slug":"142","status":"publish","type":"product","link":"https:\/\/maggymoroz.pl\/?product=142","title":{"rendered":"Praca Chaotyczna"},"content":{"rendered":"<p>Tracklista:<br \/>\n1. OUTRO\u201922<br \/>\n2. CHCESZ BY\u0106 OBOK<br \/>\n3. KOLEJNY ZJAZD<br \/>\n4. KRWISTY KOLOR feat. DJ BEEZEE<br \/>\n5. ZBIJAM PI\u0118\u0106<br \/>\n6. \u015aCISK<\/p>\n<p>P\u0142yta CD z autografem i zestaw wlepek<\/p>\n","protected":false},"excerpt":{"rendered":"<p>Tracklista: 1. OUTRO\u201922 2. CHCESZ BY\u0106 OBOK 3. KOLEJNY ZJAZD 4. KRWISTY KOLOR feat. DJ BEEZEE 5. ZBIJAM PI\u0118\u0106 6. \u015aCISK P\u0142yta CD z autografem i zestaw wlepek<\/p>\n","protected":false},"featured_media":250,"template":"","meta":[],"product_brand":[],"product_cat":[15],"product_tag":[],"class_list":{"0":"post-142","1":"product","2":"type-product","3":"status-publish","4":"has-post-thumbnail","6":"product_cat-bez-kategorii","8":"first","9":"instock","10":"featured","11":"shipping-taxable","12":"purchasable","13":"product-type-simple"},"jetpack_sharing_enabled":true,"_links":{"self":[{"href":"https:\/\/maggymoroz.pl\/index.php?rest_route=\/wp\/v2\/product\/142","targetHints":{"allow":["GET"]}}],"collection":[{"href":"https:\/\/maggymoroz.pl\/index.php?rest_route=\/wp\/v2\/product"}],"about":[{"href":"https:\/\/maggymoroz.pl\/index.php?rest_route=\/wp\/v2\/types\/product"}],"wp:featuredmedia":[{"embeddable":true,"href":"https:\/\/maggymoroz.pl\/index.php?rest_route=\/wp\/v2\/media\/250"}],"wp:attachment":[{"href":"https:\/\/maggymoroz.pl\/index.php?rest_route=%2Fwp%2Fv2%2Fmedia&parent=142"}],"wp:term":[{"taxonomy":"product_brand","embeddable":true,"href":"https:\/\/maggymoroz.pl\/index.php?rest_route=%2Fwp%2Fv2%2Fproduct_brand&post=142"},{"taxonomy":"product_cat","embeddable":true,"href":"https:\/\/maggymoroz.pl\/index.php?rest_route=%2Fwp%2Fv2%2Fproduct_cat&post=142"},{"taxonomy":"product_tag","embeddable":true,"href":"https:\/\/maggymoroz.pl\/index.php?rest_route=%2Fwp%2Fv2%2Fproduct_tag&post=142"}],"curies":[{"name":"wp","href":"https:\/\/api.w.org\/{rel}","templated":true}]}}